{"id":1260,"date":"2019-07-12T20:21:34","date_gmt":"2019-07-12T18:21:34","guid":{"rendered":"http:\/\/www.blau-weiss-ochtendung.de\/?page_id=1260"},"modified":"2024-02-15T15:37:59","modified_gmt":"2024-02-15T14:37:59","slug":"programm-kings-queens","status":"publish","type":"page","link":"https:\/\/www.blau-weiss-ochtendung.de\/index.php\/links\/programm-kings-queens\/","title":{"rendered":"Programm &#8222;70 Jahre und kein bisschen leise&#8230;&#8220;"},"content":{"rendered":"\n<p>Konzert des Musikverein Blau &#8211; Wei\u00df Ochtendung e.V.<br>Vorl\u00e4ufiges Programm (\u00c4nderungen Vorbehalten) <\/p>\n\n\n\n<ul class=\"wp-block-list\">\n<li>kommt noch<\/li>\n<\/ul>\n\n\n\n<script>(function(d, s, id) { var js, pjs = d.getElementsByTagName(s)[0]; if (d.getElementById(id)) return; js = d.createElement(s); js.id = id; js.src = \"\/\/www.tickcounter.com\/static\/js\/loader.js\"; pjs.parentNode.insertBefore(js, pjs); }(document, \"script\", \"tickcounter-sdk\"));<\/script><a data-type=\"countdown\" data-id=\"4908594\" class=\"tickcounter\" style=\"display:block; left:0; width:100%; height:0; position:relative; padding-bottom:25%; margin:0 auto;\" title=\"My countdown\" href=\"\/\/www.tickcounter.com\/\">My countdown<\/a>\n","protected":false},"excerpt":{"rendered":"<p>Konzert des Musikverein Blau &#8211; Wei\u00df Ochtendung e.V.Vorl\u00e4ufiges Programm (\u00c4nderungen Vorbehalten) My countdown<\/p>\n","protected":false},"author":1,"featured_media":0,"parent":125,"menu_order":0,"comment_status":"closed","ping_status":"closed","template":"","meta":{"footnotes":""},"class_list":["post-1260","page","type-page","status-publish","hentry"],"jetpack_sharing_enabled":true,"_links":{"self":[{"href":"https:\/\/www.blau-weiss-ochtendung.de\/index.php\/wp-json\/wp\/v2\/pages\/1260","targetHints":{"allow":["GET"]}}],"collection":[{"href":"https:\/\/www.blau-weiss-ochtendung.de\/index.php\/wp-json\/wp\/v2\/pages"}],"about":[{"href":"https:\/\/www.blau-weiss-ochtendung.de\/index.php\/wp-json\/wp\/v2\/types\/page"}],"author":[{"embeddable":true,"href":"https:\/\/www.blau-weiss-ochtendung.de\/index.php\/wp-json\/wp\/v2\/users\/1"}],"replies":[{"embeddable":true,"href":"https:\/\/www.blau-weiss-ochtendung.de\/index.php\/wp-json\/wp\/v2\/comments?post=1260"}],"version-history":[{"count":8,"href":"https:\/\/www.blau-weiss-ochtendung.de\/index.php\/wp-json\/wp\/v2\/pages\/1260\/revisions"}],"predecessor-version":[{"id":1627,"href":"https:\/\/www.blau-weiss-ochtendung.de\/index.php\/wp-json\/wp\/v2\/pages\/1260\/revisions\/1627"}],"up":[{"embeddable":true,"href":"https:\/\/www.blau-weiss-ochtendung.de\/index.php\/wp-json\/wp\/v2\/pages\/125"}],"wp:attachment":[{"href":"https:\/\/www.blau-weiss-ochtendung.de\/index.php\/wp-json\/wp\/v2\/media?parent=1260"}],"curies":[{"name":"wp","href":"https:\/\/api.w.org\/{rel}","templated":true}]}}