{"id":1323,"date":"2020-08-11T19:01:39","date_gmt":"2020-08-11T17:01:39","guid":{"rendered":"https:\/\/www.blau-weiss-ochtendung.de\/?page_id=1323"},"modified":"2023-03-08T11:38:10","modified_gmt":"2023-03-08T10:38:10","slug":"mobile-geraete-owncloud","status":"publish","type":"page","link":"https:\/\/www.blau-weiss-ochtendung.de\/index.php\/links\/mobile-geraete-owncloud\/","title":{"rendered":"Mobile Ger\u00e4te &#8211; nextcloud"},"content":{"rendered":"\n<p><strong>Kleine Anleitung zur Nutzung der nextcloud mit smartphone, tablet oder \u00c4hnlichem.<\/strong><\/p>\n\n\n\n<ol class=\"wp-block-list\">\n<li>die app herunterladen\/installieren <br><a href=\"https:\/\/nextcloud.com\/de\/install\/\">https:\/\/nextcloud.com\/de\/install\/<br><\/a><\/li>\n\n\n\n<li>nach dem \u00d6ffnen der App muss die Server URL eingetragen werden oder CR Code scanen<br><img decoding=\"async\" src=\"http:\/\/api.qrserver.com\/v1\/create-qr-code\/?color=000000&amp;bgcolor=FFFFFF&amp;data=https%3A%2F%2Fwww.blau-weiss-ochtendung.de%2Fnextcloud&amp;qzone=1&amp;margin=0&amp;size=400x400&amp;ecc=L\" alt=\"qr code\"><br><em>https:\/\/www.blau-weiss-ochtendung.de\/nextcloud\/<br><\/em>\n<ul class=\"wp-block-list\">\n<li><img loading=\"lazy\" decoding=\"async\" width=\"150\" height=\"325\" class=\"wp-image-1570\" style=\"width: 150px;\" src=\"https:\/\/www.blau-weiss-ochtendung.de\/wp-content\/uploads\/2023\/03\/c8ee1694-c743-49a2-81d3-6b512401b397.jpg\" alt=\"\" srcset=\"https:\/\/www.blau-weiss-ochtendung.de\/wp-content\/uploads\/2023\/03\/c8ee1694-c743-49a2-81d3-6b512401b397.jpg 473w, https:\/\/www.blau-weiss-ochtendung.de\/wp-content\/uploads\/2023\/03\/c8ee1694-c743-49a2-81d3-6b512401b397-139x300.jpg 139w\" sizes=\"auto, (max-width: 150px) 100vw, 150px\" \/><br><\/li>\n<\/ul>\n<\/li>\n\n\n\n<li>Benutzername und Passwort eintragen (sollte bekannt sein, sonst bitte erfragen)<br><img loading=\"lazy\" decoding=\"async\" width=\"150\" height=\"325\" class=\"wp-image-1571\" style=\"width: 150px;\" src=\"https:\/\/www.blau-weiss-ochtendung.de\/wp-content\/uploads\/2023\/03\/WhatsApp-Image-2023-03-08-at-11.33.24.jpeg\" alt=\"\" srcset=\"https:\/\/www.blau-weiss-ochtendung.de\/wp-content\/uploads\/2023\/03\/WhatsApp-Image-2023-03-08-at-11.33.24.jpeg 473w, https:\/\/www.blau-weiss-ochtendung.de\/wp-content\/uploads\/2023\/03\/WhatsApp-Image-2023-03-08-at-11.33.24-139x300.jpeg 139w\" sizes=\"auto, (max-width: 150px) 100vw, 150px\" \/><br><br><\/li>\n\n\n\n<li>Jetzt k\u00f6nnt ihr den Ordner &#8222;Noten&#8220; ausw\u00e4hlen. Wer m\u00f6chte  kann sich den Ordner auch Offline verf\u00fcgbar machen. Das hei\u00dft ihr braucht nicht immer mit dem Internet verbunden zu sein um die Noten zu verwenden. <br>Dazu auf die drei Punkte neben den Ordner Noten klicken und dann auf &#8222;Offline verf\u00fcgbar machen&#8220;<br> <br><br><\/li>\n<\/ol>\n\n\n\n<p><strong>TIPP<\/strong>: Vor der Probe die App (nextcloud) nochmal starten und ein paar Minuten offen lassen. So k\u00f6nnen ggfs. neue Lieder herunter geladen werden.<\/p>\n","protected":false},"excerpt":{"rendered":"<p>Kleine Anleitung zur Nutzung der nextcloud mit smartphone, tablet oder \u00c4hnlichem. TIPP: Vor der Probe die App (nextcloud) nochmal starten und ein paar Minuten offen lassen. So k\u00f6nnen ggfs. neue Lieder herunter geladen werden.<\/p>\n","protected":false},"author":1,"featured_media":0,"parent":125,"menu_order":0,"comment_status":"closed","ping_status":"closed","template":"","meta":{"footnotes":""},"class_list":["post-1323","page","type-page","status-publish","hentry"],"jetpack_sharing_enabled":true,"_links":{"self":[{"href":"https:\/\/www.blau-weiss-ochtendung.de\/index.php\/wp-json\/wp\/v2\/pages\/1323","targetHints":{"allow":["GET"]}}],"collection":[{"href":"https:\/\/www.blau-weiss-ochtendung.de\/index.php\/wp-json\/wp\/v2\/pages"}],"about":[{"href":"https:\/\/www.blau-weiss-ochtendung.de\/index.php\/wp-json\/wp\/v2\/types\/page"}],"author":[{"embeddable":true,"href":"https:\/\/www.blau-weiss-ochtendung.de\/index.php\/wp-json\/wp\/v2\/users\/1"}],"replies":[{"embeddable":true,"href":"https:\/\/www.blau-weiss-ochtendung.de\/index.php\/wp-json\/wp\/v2\/comments?post=1323"}],"version-history":[{"count":5,"href":"https:\/\/www.blau-weiss-ochtendung.de\/index.php\/wp-json\/wp\/v2\/pages\/1323\/revisions"}],"predecessor-version":[{"id":1572,"href":"https:\/\/www.blau-weiss-ochtendung.de\/index.php\/wp-json\/wp\/v2\/pages\/1323\/revisions\/1572"}],"up":[{"embeddable":true,"href":"https:\/\/www.blau-weiss-ochtendung.de\/index.php\/wp-json\/wp\/v2\/pages\/125"}],"wp:attachment":[{"href":"https:\/\/www.blau-weiss-ochtendung.de\/index.php\/wp-json\/wp\/v2\/media?parent=1323"}],"curies":[{"name":"wp","href":"https:\/\/api.w.org\/{rel}","templated":true}]}}