{"id":1391,"date":"2020-12-15T16:55:31","date_gmt":"2020-12-15T15:55:31","guid":{"rendered":"https:\/\/www.blau-weiss-ochtendung.de\/?page_id=1391"},"modified":"2020-12-15T17:07:44","modified_gmt":"2020-12-15T16:07:44","slug":"spenden","status":"publish","type":"page","link":"https:\/\/www.blau-weiss-ochtendung.de\/index.php\/foerderer\/spenden\/","title":{"rendered":"Spenden"},"content":{"rendered":"\n<p>Wenn ihr die Arbeit des Vereins unterst\u00fctzen m\u00f6chtet, dann k\u00f6nnt ihr das auf verschiedenen Wegen:<\/p>\n\n\n\n<p><a href=\"https:\/\/www.blau-weiss-ochtendung.de\/?p=1384\" data-type=\"URL\" data-id=\"https:\/\/www.blau-weiss-ochtendung.de\/?p=1384\">AmazonSmile<\/a> <\/p>\n\n\n\n<p>oder ihr wendet euch an <a href=\"mailto:info@blau-weiss-ochtendung.de\">info@blau-weiss-ochtendung.de<\/a> und wir lassen euch eine Kontonummer zukommen unter der ihr den Betrag euere Wahl einmalig spenden k\u00f6nnt. Ab einer Spende von 50\u20ac erstellen wir auch gerne ein Spendenquittung. <\/p>\n\n\n\n<p>Ihr wollt uns uns langfristig unterst\u00fctzen? Dann werdet doch einfach Mitglied. Auch dazu einfach eine e-Mail an: <a href=\"mailto:info@blau-weiss-ochtendung.de\">info@blau-weiss-ochtendung.de<\/a> <\/p>\n\n\n\n<p>Mit den Geldern aus (Karnevals-) Umz\u00fcgen, Platzkonzerten und vielem mehr, was nun aufgrund der Pandemie ausfallen muss, finanzieren wir die Instrumente, deren Wartung sowie die Instrumentallehrer und unseren Dirigenten. Kein Mitglied muss sein Instrument aus eigener Tasche finanzieren, kein Kind muss f\u00fcr zus\u00e4tzlichen Unterricht bezahlen. Auch Veranstaltungen wie unsere Vatertagswanderung oder die Weihnachtsfeier werden aus der Vereinskasse bezahlt. Als gemeinn\u00fctziger Verein ist es uns ein gro\u00dfes Anliegen, dies beizubehalten, sodass jeder, unabh\u00e4ngig seiner finanziellen Situation, am Vereinsleben teilhaben kann.<\/p>\n\n\n\n<p>Wir vergewissern euch, dass die Gelder ausschlie\u00dflich f\u00fcr die genannten Zwecke verwendet werden und freuen uns, wenn ihr uns mit eurem Einkauf unterst\u00fctzt.<\/p>\n\n\n\n<p>Vielen Dank!<\/p>\n\n\n\n<div id=\"amznCharityBanner\"><script type=\"text\/javascript\">(function() {var iFrame = document.createElement('iframe'); iFrame.style.display = 'none'; iFrame.style.border = \"none\"; iFrame.width = 310; iFrame.height = 256; iFrame.setAttribute && iFrame.setAttribute('scrolling', 'no'); iFrame.setAttribute('frameborder', '0'); setTimeout(function() {var contents = (iFrame.contentWindow) ? iFrame.contentWindow : (iFrame.contentDocument.document) ? iFrame.contentDocument.document : iFrame.contentDocument; contents.document.open(); contents.document.write(decodeURIComponent(\"%3Cdiv%20id%3D%22amznCharityBannerInner%22%3E%3Ca%20href%3D%22https%3A%2F%2Fsmile.amazon.de%2Fch%2F29-650-01635%22%20target%3D%22_blank%22%3E%3Cdiv%20class%3D%22text%22%20height%3D%22%22%3E%3Cdiv%20class%3D%22support-wrapper%22%3E%3Cdiv%20class%3D%22support%22%20style%3D%22font-size%3A%2025px%3B%20line-height%3A%2028px%3B%20margin-top%3A%201px%3B%20margin-bottom%3A%200px%3B%22%3EUnterst%C3%BCtzen%20Sie%20%3Cspan%20id%3D%22charity-name%22%20style%3D%22display%3A%20inline-block%3B%22%3EMV%20Blau-Weiss%20Ochtendung%20e.V.%2C%3C%2Fspan%3E%3C%2Fdiv%3E%3C%2Fdiv%3E%3Cdiv%20class%3D%22when-shop%22%3Eindem%20Sie%20auf%20%3Cb%3Esmile.amazon.de%3C%2Fb%3E%3C%2Fdiv%3E%3Cdiv%20class%3D%22donates%22%3E%20einkaufen.%3C%2Fdiv%3E%3C%2Fdiv%3E%3C%2Fa%3E%3C%2Fdiv%3E%3Cstyle%3E%23amznCharityBannerInner%7Bbackground-image%3Aurl(https%3A%2F%2Fm.media-amazon.com%2Fimages%2FG%2F03%2Fx-locale%2Fpaladin%2Fcharitycentral%2Fbanner-background-image._CB485921641_.png)%3Bwidth%3A300px%3Bheight%3A250px%3Bposition%3Arelative%7D%23amznCharityBannerInner%20a%7Bdisplay%3Ablock%3Bwidth%3A100%25%3Bheight%3A100%25%3Bposition%3Arelative%3Bcolor%3A%23000%3Btext-decoration%3Anone%7D.text%7Bposition%3Aabsolute%3Btop%3A20px%3Bleft%3A15px%3Bright%3A15px%3Bbottom%3A100px%7D.support-wrapper%7Boverflow%3Ahidden%3Bmax-height%3A86px%7D.support%7Bfont-family%3AArial%2Csans%3Bfont-weight%3A700%3Bline-height%3A28px%3Bfont-size%3A25px%3Bcolor%3A%23333%3Btext-align%3Acenter%3Bmargin%3A0%3Bpadding%3A0%3Bbackground%3A0%200%7D.when-shop%7Bfont-family%3AArial%2Csans%3Bfont-size%3A15px%3Bfont-weight%3A400%3Bline-height%3A15px%3Bcolor%3A%23333%3Btext-align%3Acenter%3Bmargin%3A0%3Bpadding%3A0%3Bbackground%3A0%200%7D.donates%7Bfont-family%3AArial%2Csans%3Bfont-size%3A15px%3Bfont-weight%3A400%3Bline-height%3A21px%3Bcolor%3A%23333%3Btext-align%3Acenter%3Bmargin%3A0%3Bpadding%3A0%3Bbackground%3A0%200%7D%3C%2Fstyle%3E\")); contents.document.close(); iFrame.style.display = 'block';}); document.getElementById('amznCharityBanner').appendChild(iFrame); })(); <\/script><\/div>\n","protected":false},"excerpt":{"rendered":"<p>Wenn ihr die Arbeit des Vereins unterst\u00fctzen m\u00f6chtet, dann k\u00f6nnt ihr das auf verschiedenen Wegen: AmazonSmile oder ihr wendet euch an info@blau-weiss-ochtendung.de und wir lassen euch eine Kontonummer zukommen unter der ihr den Betrag euere Wahl einmalig spenden k\u00f6nnt. Ab &hellip; <a href=\"https:\/\/www.blau-weiss-ochtendung.de\/index.php\/foerderer\/spenden\/\">Weiterlesen <span class=\"meta-nav\">&rarr;<\/span><\/a><\/p>\n","protected":false},"author":1,"featured_media":0,"parent":318,"menu_order":0,"comment_status":"closed","ping_status":"closed","template":"","meta":{"footnotes":""},"class_list":["post-1391","page","type-page","status-publish","hentry"],"jetpack_sharing_enabled":true,"_links":{"self":[{"href":"https:\/\/www.blau-weiss-ochtendung.de\/index.php\/wp-json\/wp\/v2\/pages\/1391","targetHints":{"allow":["GET"]}}],"collection":[{"href":"https:\/\/www.blau-weiss-ochtendung.de\/index.php\/wp-json\/wp\/v2\/pages"}],"about":[{"href":"https:\/\/www.blau-weiss-ochtendung.de\/index.php\/wp-json\/wp\/v2\/types\/page"}],"author":[{"embeddable":true,"href":"https:\/\/www.blau-weiss-ochtendung.de\/index.php\/wp-json\/wp\/v2\/users\/1"}],"replies":[{"embeddable":true,"href":"https:\/\/www.blau-weiss-ochtendung.de\/index.php\/wp-json\/wp\/v2\/comments?post=1391"}],"version-history":[{"count":3,"href":"https:\/\/www.blau-weiss-ochtendung.de\/index.php\/wp-json\/wp\/v2\/pages\/1391\/revisions"}],"predecessor-version":[{"id":1396,"href":"https:\/\/www.blau-weiss-ochtendung.de\/index.php\/wp-json\/wp\/v2\/pages\/1391\/revisions\/1396"}],"up":[{"embeddable":true,"href":"https:\/\/www.blau-weiss-ochtendung.de\/index.php\/wp-json\/wp\/v2\/pages\/318"}],"wp:attachment":[{"href":"https:\/\/www.blau-weiss-ochtendung.de\/index.php\/wp-json\/wp\/v2\/media?parent=1391"}],"curies":[{"name":"wp","href":"https:\/\/api.w.org\/{rel}","templated":true}]}}