{"id":318,"date":"2015-10-27T10:34:14","date_gmt":"2015-10-27T09:34:14","guid":{"rendered":"http:\/\/www.blau-weiss-ochtendung.de\/wordpress\/?page_id=318"},"modified":"2021-01-27T19:17:26","modified_gmt":"2021-01-27T18:17:26","slug":"foerderer","status":"publish","type":"page","link":"https:\/\/www.blau-weiss-ochtendung.de\/index.php\/foerderer\/","title":{"rendered":"F\u00f6rdern"},"content":{"rendered":"\n<div class=\"wp-block-group\"><div class=\"wp-block-group__inner-container is-layout-flow wp-block-group-is-layout-flow\">\n<p><a href=\"https:\/\/www.blau-weiss-ochtendung.de\/index.php\/foerderer\/spenden\/\" data-type=\"page\" data-id=\"1391\">Auf diesen Seiten erfahrt ihr wie ihr unsere Arbeit und unseren Verein f\u00f6rdern k\u00f6nnt.<\/a><\/p>\n\n\n\n<p><a href=\"https:\/\/www.blau-weiss-ochtendung.de\/index.php\/foerderer\/foerderer\/\" data-type=\"page\" data-id=\"1436\">Hier k\u00f6nnt ihr erfahren wer uns bereits unterst\u00fctzt und wem unser Dank geb\u00fchrt.<\/a><\/p>\n<\/div><\/div>\n\n\n\n<p><\/p>\n","protected":false},"excerpt":{"rendered":"<p>Auf diesen Seiten erfahrt ihr wie ihr unsere Arbeit und unseren Verein f\u00f6rdern k\u00f6nnt. Hier k\u00f6nnt ihr erfahren wer uns bereits unterst\u00fctzt und wem unser Dank geb\u00fchrt.<\/p>\n","protected":false},"author":1,"featured_media":0,"parent":0,"menu_order":0,"comment_status":"closed","ping_status":"closed","template":"","meta":{"footnotes":""},"class_list":["post-318","page","type-page","status-publish","hentry"],"jetpack_sharing_enabled":true,"_links":{"self":[{"href":"https:\/\/www.blau-weiss-ochtendung.de\/index.php\/wp-json\/wp\/v2\/pages\/318","targetHints":{"allow":["GET"]}}],"collection":[{"href":"https:\/\/www.blau-weiss-ochtendung.de\/index.php\/wp-json\/wp\/v2\/pages"}],"about":[{"href":"https:\/\/www.blau-weiss-ochtendung.de\/index.php\/wp-json\/wp\/v2\/types\/page"}],"author":[{"embeddable":true,"href":"https:\/\/www.blau-weiss-ochtendung.de\/index.php\/wp-json\/wp\/v2\/users\/1"}],"replies":[{"embeddable":true,"href":"https:\/\/www.blau-weiss-ochtendung.de\/index.php\/wp-json\/wp\/v2\/comments?post=318"}],"version-history":[{"count":24,"href":"https:\/\/www.blau-weiss-ochtendung.de\/index.php\/wp-json\/wp\/v2\/pages\/318\/revisions"}],"predecessor-version":[{"id":1442,"href":"https:\/\/www.blau-weiss-ochtendung.de\/index.php\/wp-json\/wp\/v2\/pages\/318\/revisions\/1442"}],"wp:attachment":[{"href":"https:\/\/www.blau-weiss-ochtendung.de\/index.php\/wp-json\/wp\/v2\/media?parent=318"}],"curies":[{"name":"wp","href":"https:\/\/api.w.org\/{rel}","templated":true}]}}