{"id":41,"date":"2015-10-23T09:51:00","date_gmt":"2015-10-23T07:51:00","guid":{"rendered":"http:\/\/192.168.0.31\/wordpress\/?page_id=41"},"modified":"2016-01-22T15:33:32","modified_gmt":"2016-01-22T14:33:32","slug":"geschichte","status":"publish","type":"page","link":"https:\/\/www.blau-weiss-ochtendung.de\/index.php\/der-verein\/geschichte\/","title":{"rendered":"Geschichte"},"content":{"rendered":"<h3>Die Vereinsgeschichte<\/h3>\n<p>Der Fanfarenzug Blau-Wei\u00df Ochtendung e.V. &#8211; Ein Ochtendunger Verein mit Geschichte! Angefangen vom klassischen Fanfarenzug welcher in einem Hinterzimmer einer Kneipe probte bis zur modernen Brass-Band mit eigenst\u00e4ndiger Drumline. Wie alles angefangen hat verdeutlicht am besten ein Interview mit Gr\u00fcndungsmitgliedern.<\/p>\n<h3><b>Interview mit Vereinsgr\u00fcnder Leo Knodt und Ehrenvorsitzenden G\u00fcnther Kalter (Gef\u00fchrt von Guido Stroh im Jahre 1992)<br \/>\n<\/b><\/h3>\n<hr \/>\n<h3><b>\u00a0<\/b><\/h3>\n<p style=\"text-align: justify;\"><em><strong>Stroh:<\/strong> Was hat dich Leo dazu bewogen diesen Verein ins Leben zu rufen?<\/em><\/p>\n<p style=\"text-align: justify;\"><strong>Knodt<\/strong><b>:<\/b> Da es bis zu der Zeit im Karneval nur ein Trommlercorps der Feuerwehr gab,dachte ich mir, das ist zu wenig. Da fehlt was. Zu wenig Jugend. Im Februar\/M\u00e4rz, <a href=\"http:\/\/www.blau-weiss-ochtendung.de\/wp-content\/uploads\/2015\/10\/historie9.jpg\"><img loading=\"lazy\" decoding=\"async\" class=\"alignright wp-image-146 size-medium\" src=\"http:\/\/www.blau-weiss-ochtendung.de\/wp-content\/uploads\/2015\/10\/historie9-300x202.jpg\" alt=\"historie9\" width=\"300\" height=\"202\" \/><\/a>also nach der Fastnacht 1954, begann ich meinen Gedanken, ein Fanfarencorps zu gr\u00fcnden in die Tat umzusetzen. Ich sprach ca. 10 \u2013 12 von den \u201eQuanten\u201c (Jugendliche), die ich n\u00e4her kannte an und fragte was sie von der Idee halten. Die Begeisterung war gro\u00df. Doch sie erkannten gleich das Problem: Wie kommen wir an Instrumente, wo doch nicht jeder gleich so viel Geld f\u00fcr eine Fanfare oder Pauke \u00fcbrig hatte. So einigten wir uns darauf, dass jeder w\u00f6chentlich abgibt wozu er in der Lage ist. 20 Pfennig, 50 Pfennig oder eine D-Mark. Da sich das Vorhaben in deren Freundeskreis rumsprach, meldeten sich insgesamt 20 \u2013 25 Personen an. Wir setzten uns einmal w\u00f6chentlich in meiner Kneipe (Bierdeckel) zusammen, wo auch jeder seinen Anteil regelm\u00e4\u00dfig abgab. Dar\u00fcber f\u00fchrte ich Buch. <a href=\"http:\/\/www.blau-weiss-ochtendung.de\/wp-content\/uploads\/2015\/10\/historie1.jpg\"><img loading=\"lazy\" decoding=\"async\" class=\"alignleft wp-image-148 size-medium\" src=\"http:\/\/www.blau-weiss-ochtendung.de\/wp-content\/uploads\/2015\/10\/historie1-300x232.jpg\" alt=\"historie1\" width=\"300\" height=\"232\" \/><\/a>Nach einigen Monaten konnte ich anhand dessen feststellen, dass 10 \u2013 12 Mann konstant daran festhielten und das meiste Interesse daf\u00fcr zeigten. Da der Herr Geiermann, der damals schon das Musikgesch\u00e4ft in Mayen hatte, \u00f6fter Gast in meinem Lokal war, hatte ich einen geheimen Plan. Ich fuhr mit meinem Moped und einem kleinen Anh\u00e4nger nach Mayen schilderte ihm mein Vorhaben und sagte, dass ich schon das Geld f\u00fcr ca. 1 \u2013 2 Fanfaren (Stk. ca. 45,- DM) und 1 Pauke (ca. 90,- DM) zusammen h\u00e4tte, dies aber noch nicht reichen w\u00fcrde. So machte ich ihm den Vorschlag, dass er mir 8 Fanfaren und 2 Pauken zur Verf\u00fcgung stellen k\u00f6nnte und ich ihm das Geld in Raten abbezahlen w\u00fcrde. Er willigte ein und ich nahm die Instrumente sofort mit. Zuhause angekommen, lud ich die Sachen aus und versteckte sie im Nebenraum meines Lokals. Dann rief ich die \u201eQuanten\u201c innerhalb der n\u00e4chsten Tage zu einer Versammlung zusammen und begr\u00fcndete diese mit einer wichtigen Besprechung. Als zum vereinbarten Termin alle im Lokal sa\u00dfen, \u00f6ffnete ich stolz die T\u00fcr zum Nebenraum. Als sie die Instrumente sahen, standen ihre M\u00fcnder wie ein Gartentor auf.<\/p>\n<p style=\"text-align: justify;\"><a href=\"http:\/\/www.blau-weiss-ochtendung.de\/wp-content\/uploads\/2015\/10\/historie8.jpg\"><img loading=\"lazy\" decoding=\"async\" class=\"alignright wp-image-149 size-medium\" src=\"http:\/\/www.blau-weiss-ochtendung.de\/wp-content\/uploads\/2015\/10\/historie8-300x179.jpg\" alt=\"historie8\" width=\"300\" height=\"179\" \/><\/a>Diese \u00dcberraschung hatte wie eine Bombe eingeschlagen, denn die Begeisterung war riesig. Innerhalb der n\u00e4chsten Zeit fingen wir mit den Proben an und hatten uns schon<br \/>\neinen Musiklehrer engagiert. Das war ein Herr Reithmann aus Andernach (er spielte dort in einem kleinen Orchester Trompete), der ebenfalls schon vorher hin und wieder Gast in meinem Lokal war. Da er \u00fcber diese Aufgabe sehr froh war und somit nicht immer bei seiner \u201eAlten\u201c zuhause sitzen musste, verlangte er als Lohn lediglich 1 \u2013 2 Zigarren, sein Bierchen und etwas zu Essen. Nach einiger Zeit gaben wir ihm dann regelm\u00e4\u00dfig von allen zusammengelegt ein Entgeld von ca. 20,- DM. Da hatte er einen Spa\u00df gehabt! Die Proben liefen gut, sodass sich ein paar Mann die zuvor nicht regelm\u00e4\u00dfig zu den Einzahlende geh\u00f6rten, eigene Instrumente kauften, da ja anfangs nur eine begrenzte Anzahl von Fanfaren und Pauken zur Verf\u00fcgung stand.\u00a0 Das war schon eine tolle Zeit!!<\/p>\n<p style=\"text-align: justify;\"><strong><br \/>\n<em>Stroh:<\/em><\/strong><em> Wo und wann hattet ihr euren ersten Auftritt?<\/em><\/p>\n<p style=\"text-align: justify;\"><strong>Knodt:<\/strong> Das war zwei Jahre nach der Gr\u00fcndung im Saale Esch auf dem Maskenball. Wir waren so ca. 12 Mann und haben dort eine Super-Show geboten. Das Publikum war hellauf begeistert. Dann marschierten wir am Sonntag vor Fastnacht mit allen Formationen durchs Dorf. Ein Jahr sp\u00e4ter spielten wir bereits Umz\u00fcge in Saffig, Plaidt und Polch.<\/p>\n<p style=\"text-align: justify;\"><em><strong><a href=\"http:\/\/www.blau-weiss-ochtendung.de\/wp-content\/uploads\/2015\/10\/historie22.jpg\"><img loading=\"lazy\" decoding=\"async\" class=\"alignleft wp-image-150 size-medium\" src=\"http:\/\/www.blau-weiss-ochtendung.de\/wp-content\/uploads\/2015\/10\/historie22-300x186.jpg\" alt=\"historie22\" width=\"300\" height=\"186\" \/><\/a>Stroh:<\/strong> Wann und wo habt ihr das Marschieren ge\u00fcbt?<\/em><\/p>\n<p style=\"text-align: justify;\"><strong>Knodt:<\/strong> Das war schon ziemlich in der Anfangszeit. Wir sind damals heimlich im Saffiger Weg, zuerst nur mit Pauke, marschiert. Etwas sp\u00e4ter dann kamen ca. 3 \u2013 4 Fanfaren dazu.<\/p>\n<p style=\"text-align: justify;\"><em><strong>Stroh:<\/strong> Wo habt ihr geprobt?<\/em><\/p>\n<p style=\"text-align: justify;\"><strong>Knodt: <\/strong>Zuerst im Nebenraum meines Lokals, danach in der Schule in einem Klassenzimmer.<\/p>\n<p style=\"text-align: justify;\"><em><strong>Stroh:<\/strong> Wie kam es zu den Farben \u201eBlau und Wei\u00df\u201c?<\/em><\/p>\n<p style=\"text-align: justify;\"><strong>Knodt:<\/strong> Das \u201eBlau-Wei\u00df\u201c war so ein Tick von mir. Die Kombination dieser Farben war mir schon immer sympathisch. Da im Karneval von Ochtendung sowieso mal eine neue Farbe her musste, war f\u00fcr mich die Sache klar.<\/p>\n<p>&nbsp;<\/p>\n<p><em><strong>Stroh:<\/strong> Wann wurde die erste Uniform angeschafft?<a href=\"http:\/\/www.blau-weiss-ochtendung.de\/wp-content\/uploads\/2015\/10\/historie4.jpg\"><img loading=\"lazy\" decoding=\"async\" class=\"alignright wp-image-151 size-medium\" src=\"http:\/\/www.blau-weiss-ochtendung.de\/wp-content\/uploads\/2015\/10\/historie4-300x204.jpg\" alt=\"historie4\" width=\"300\" height=\"204\" \/><\/a><\/em><\/p>\n<p style=\"text-align: justify;\"><strong>Knodt:<\/strong> Am Anfang schon, als wir in der \u00d6ffentlichkeit auftraten. Das war in dem Sinne keine Uniform. Wir haben uns beim Kaufhof im Ausverkauf f\u00fcr alle \u201eblaue Bl\u00fcsje\u201c gekauft. Darunter eine normale wei\u00dfe Hose. Diese Kleidung wurde von jedem selbst bezahlt.<\/p>\n<p>&nbsp;<\/p>\n<p><em><strong>Stroh:<\/strong> Gab es gleich einen Vorstand?<\/em><\/p>\n<p style=\"text-align: justify;\"><strong>Knodt:<\/strong> Nein. Das habe ich anfangs alleine gemacht. Ich hatte das gro\u00dfe Gl\u00fcck einen Mitarbeiter wie G\u00fcnther Kalter zu haben. Er \u00fcbernahm gleich 1956 die Stabf\u00fchrerschaft. Zu der Zeit war das noch mit dem Vorsitzenden gleichzusetzen, sodass man sagen kann, er war von Anfang bis heute der Vorsitz des Vereins. Er hat das Vereinsleben aktiviert.<br \/>\nF\u00fcr seine Arbeit bin ich ihm sehr dankbar. Einen Vorstand wie im heutigen Sinne wurde erst in den 60er Jahren aufgestellt.<\/p>\n<p><strong><em><a href=\"http:\/\/www.blau-weiss-ochtendung.de\/wp-content\/uploads\/2015\/10\/historie7.jpg\"><img loading=\"lazy\" decoding=\"async\" class=\"alignleft wp-image-152 size-medium\" src=\"http:\/\/www.blau-weiss-ochtendung.de\/wp-content\/uploads\/2015\/10\/historie7-300x205.jpg\" alt=\"historie7\" width=\"300\" height=\"205\" \/><\/a>Stroh:<\/em><\/strong><em> Wie lange warst du aktiv?<\/em><\/p>\n<p style=\"text-align: justify;\"><strong>Knodt:<\/strong> Ca. 10 Jahre.<\/p>\n<p><em><strong>Stroh:<\/strong> Hattet ihr damals schon M\u00e4dchen im Verein?<\/em><\/p>\n<p style=\"text-align: justify;\"><strong>Knodt: <\/strong>Nein. Wir waren nur M\u00e4nner. Das kam sp\u00e4ter. Das war so nach meiner aktiven Zeit. Wann genau kann ich nicht sagen.<\/p>\n<p style=\"text-align: justify;\"><em><strong>Stroh:<\/strong> Gab es in deiner Zeit schon mal Probleme mit dem Probenbesuch \u2013 z.B. in der Urlaubszeit?<\/em><\/p>\n<p style=\"text-align: justify;\"><strong>Knodt:<\/strong> Nein. Der Probenbesuch war immer gut. Da gab es nie Probleme.<\/p>\n<p style=\"text-align: justify;\"><em><strong>Stroh:<\/strong> Kam es mal vor, dass ihr wegen Spielermangels nicht spielf\u00e4hig wart?<\/em><\/p>\n<p style=\"text-align: justify;\"><strong>Knodt:<\/strong> Das habe ich nie erlebt. Daf\u00fcr war die Freude an der Musik so gro\u00df. Da waren alle mit Leib und Seele dabei.<\/p>\n<p style=\"text-align: justify;\"><em><strong>Stroh:<\/strong> Als dich die Nachricht erreichte, dass die Jugend des Fanfarenzuges Deutscher Meister geworden ist, was hast du in diesem Moment gedacht und gef\u00fchlt?<\/em><\/p>\n<p style=\"text-align: justify;\"><strong><a href=\"http:\/\/www.blau-weiss-ochtendung.de\/wp-content\/uploads\/2015\/10\/historie6.jpg\"><img loading=\"lazy\" decoding=\"async\" class=\"alignright wp-image-153 size-medium\" src=\"http:\/\/www.blau-weiss-ochtendung.de\/wp-content\/uploads\/2015\/10\/historie6-300x208.jpg\" alt=\"historie6\" width=\"300\" height=\"208\" \/><\/a>Knodt:<\/strong> Ich versp\u00fcrte Genugtuung und Stolz einen Verein gegr\u00fcndet zu haben, der einen so bedeutenden Titel errungen hat. Doch als ich bei der Meisterschaftsfeier feststellen musste, dass die Ochtendunger Vereine es nicht f\u00fcr notwendig fanden dem Fanfarenzug an diesem Abend einen Gl\u00fcckwunsch auszusprechen, war ich aufs tiefste entt\u00e4uscht. Selbst der B\u00fcrgermeister zog es vor, anstatt der Einladung zu folgen, kegeln gehen. Das w\u00e4re das mindeste gewesen. Denn was diese jungen Menschen geleistet haben, und daf\u00fcr geopfert haben, das m\u00fcssen die anderen erst einmal nachmachen.<\/p>\n<p><em><strong>Stroh: <\/strong>Wie denkst du \u00fcber das Niveau des Vereins im Gegensatz zu damals?<\/em><\/p>\n<p style=\"text-align: justify;\"><strong>Knodt:<\/strong> Der Verein hat sich immer allen Situationen angepasst. Das war das Gl\u00fcck. So konnte er sich immer steigern und zu den Leistungen kommen, zu denen er heute im Stande ist. Wenn es einmal Unstimmigkeiten gab, habe ich immer gesagt: \u201eIhr alten macht keinen \u00c4rger, ihr wart auch mal jung, und ihr jungen werdet auch mal alt.\u201c<\/p>\n<p style=\"text-align: justify;\"><strong>Stroh:<\/strong> Gibt es etwas, was du anders machen w\u00fcrdest, als der Verein es heute tut?<\/p>\n<p style=\"text-align: justify;\"><strong><a href=\"http:\/\/www.blau-weiss-ochtendung.de\/wp-content\/uploads\/2015\/10\/historie5.jpg\"><img loading=\"lazy\" decoding=\"async\" class=\"alignleft wp-image-154 size-medium\" src=\"http:\/\/www.blau-weiss-ochtendung.de\/wp-content\/uploads\/2015\/10\/historie5-300x216.jpg\" alt=\"historie5\" width=\"300\" height=\"216\" \/><\/a>Knodt:<\/strong> Nein. Das finde ich in Ordnung. Er ist immer mit der Zeit gegangen, nie dagegen. Das macht ihn so stark. Ich w\u00fcnsche ihm f\u00fcr die weitere Zukunft alles Gute.<\/p>\n<hr \/>\n<p style=\"text-align: justify;\"><strong>Stroh:<\/strong> Wo und wann wurde der erste Wettstreit gewonnen?<\/p>\n<p style=\"text-align: justify;\"><strong>Kalter:<\/strong> Das war 1959 beim Verbandswettstreit in Plaidt. Da haben wir in der B-Klasse alles gewonnen: Den Festzugspreis, auf der B\u00fchne den ersten Platz, damals hie\u00df das noch Ehrenpreis und ich habe den Stabf\u00fchrerpreis gewonnen und bekam daf\u00fcr als Preis eine Aktentasche \u00fcberreicht, die ich 20 Jahre als Arbeitstasche benutzt habe. 1960 gewannen Rolf Schaden und ich den Solistenpreis in Mayen und Miesenheim auf dem Verbandswettstreit. Ich spielte die erste Stimme, Rolf die zweite Stimme und eine Trommel hat uns au\u00dfer Konkurrenz begleitet.<\/p>\n<p>&nbsp;<\/p>\n<p><em><strong>Stroh:<\/strong> Wie lange warst du Stabf\u00fchrer?<\/em><\/p>\n<p style=\"text-align: justify;\"><strong>Kalter:<\/strong> Von 1956 bis 08.06.1963. Danach \u00fcbernahm Rolf Schaden den Stabf\u00fchrer.<\/p>\n<p style=\"text-align: justify;\"><em><strong>Stroh:<\/strong> Wie hie\u00df das erste Lied, dass ihr gespielt habt?<\/em><\/p>\n<p style=\"text-align: justify;\"><strong>K<\/strong><strong>alter:<\/strong> Das war \u201eFlamen empor\u201c, das wir ohne Noten einstudiert haben. 1972 sind wir<a href=\"http:\/\/www.blau-weiss-ochtendung.de\/wp-content\/uploads\/2015\/10\/historie3.jpg\"><img loading=\"lazy\" decoding=\"async\" class=\"alignright wp-image-155 size-medium\" src=\"http:\/\/www.blau-weiss-ochtendung.de\/wp-content\/uploads\/2015\/10\/historie3-198x300.jpg\" alt=\"historie3\" width=\"198\" height=\"300\" srcset=\"https:\/\/www.blau-weiss-ochtendung.de\/wp-content\/uploads\/2015\/10\/historie3-198x300.jpg 198w, https:\/\/www.blau-weiss-ochtendung.de\/wp-content\/uploads\/2015\/10\/historie3.jpg 300w\" sizes=\"auto, (max-width: 198px) 100vw, 198px\" \/><\/a> dann auf Es-Ventil-Instrumente umgestiegen. Mit diesen Instrumenten haben wir als erstes Lied \u201eEs kommen die lustigen Tage\u201c einstudiert. (Dessen Refrain ist immernoch im Repertoire (Anm. d. Redaktion))<\/p>\n<p>&nbsp;<\/p>\n<p><em><strong>Stroh:<\/strong> Ab wann kamen Jugendliche in den Verein?<\/em><\/p>\n<p style=\"text-align: justify;\"><strong>Kalter:<\/strong> Das war 1966. Nachher haben wir dann das Mindestalter auf 12 Jahre begrenzt, aber das hat sich ja dann im Laufe der Zeit Gott sei Dank ge\u00e4ndert.<\/p>\n<hr \/>\n<h3 style=\"text-align: justify;\"><b>G\u00fcnther Kalter war bis 1992 \u2013 also insgesamt 36 Jahre \u2013<b> <\/b>1. Vorsitzender des Fanfarenzuges Blau-Wei\u00df Ochtendung!<\/b><\/h3>\n","protected":false},"excerpt":{"rendered":"<p>Die Vereinsgeschichte Der Fanfarenzug Blau-Wei\u00df Ochtendung e.V. &#8211; Ein Ochtendunger Verein mit Geschichte! Angefangen vom klassischen Fanfarenzug welcher in einem Hinterzimmer einer Kneipe probte bis zur modernen Brass-Band mit eigenst\u00e4ndiger Drumline. Wie alles angefangen hat verdeutlicht am besten ein Interview &hellip; <a href=\"https:\/\/www.blau-weiss-ochtendung.de\/index.php\/der-verein\/geschichte\/\">Weiterlesen <span class=\"meta-nav\">&rarr;<\/span><\/a><\/p>\n","protected":false},"author":1,"featured_media":0,"parent":169,"menu_order":0,"comment_status":"closed","ping_status":"closed","template":"","meta":{"footnotes":""},"class_list":["post-41","page","type-page","status-publish","hentry"],"jetpack_sharing_enabled":true,"_links":{"self":[{"href":"https:\/\/www.blau-weiss-ochtendung.de\/index.php\/wp-json\/wp\/v2\/pages\/41","targetHints":{"allow":["GET"]}}],"collection":[{"href":"https:\/\/www.blau-weiss-ochtendung.de\/index.php\/wp-json\/wp\/v2\/pages"}],"about":[{"href":"https:\/\/www.blau-weiss-ochtendung.de\/index.php\/wp-json\/wp\/v2\/types\/page"}],"author":[{"embeddable":true,"href":"https:\/\/www.blau-weiss-ochtendung.de\/index.php\/wp-json\/wp\/v2\/users\/1"}],"replies":[{"embeddable":true,"href":"https:\/\/www.blau-weiss-ochtendung.de\/index.php\/wp-json\/wp\/v2\/comments?post=41"}],"version-history":[{"count":35,"href":"https:\/\/www.blau-weiss-ochtendung.de\/index.php\/wp-json\/wp\/v2\/pages\/41\/revisions"}],"predecessor-version":[{"id":1225,"href":"https:\/\/www.blau-weiss-ochtendung.de\/index.php\/wp-json\/wp\/v2\/pages\/41\/revisions\/1225"}],"up":[{"embeddable":true,"href":"https:\/\/www.blau-weiss-ochtendung.de\/index.php\/wp-json\/wp\/v2\/pages\/169"}],"wp:attachment":[{"href":"https:\/\/www.blau-weiss-ochtendung.de\/index.php\/wp-json\/wp\/v2\/media?parent=41"}],"curies":[{"name":"wp","href":"https:\/\/api.w.org\/{rel}","templated":true}]}}